{"id":134,"date":"2020-03-04T14:02:13","date_gmt":"2020-03-04T14:02:13","guid":{"rendered":"http:\/\/tafftacticalgroup.com\/?page_id=134"},"modified":"2022-02-24T14:39:12","modified_gmt":"2022-02-24T14:39:12","slug":"szkolenia-ladowe","status":"publish","type":"page","link":"https:\/\/tafftacticalgroup.com\/en\/szkolenia-ladowe\/","title":{"rendered":"Szkolenia l\u0105dowe"},"content":{"rendered":"<div data-elementor-type=\"wp-page\" data-elementor-id=\"134\" class=\"elementor elementor-134\">\n\t\t\t\t\t\t<div class=\"elementor-inner\">\n\t\t\t\t<div class=\"elementor-section-wrap\">\n\t\t\t\t\t\t\t\t\t<section class=\"elementor-section elementor-top-section elementor-element elementor-element-8433148 elementor-section-boxed elementor-section-height-default elementor-section-height-default\" data-id=\"8433148\" data-element_type=\"section\" data-settings=\"{&quot;jet_parallax_layout_list&quot;:[{&quot;jet_parallax_layout_image&quot;:{&quot;url&quot;:&quot;&quot;,&quot;id&quot;:&quot;&quot;,&quot;size&quot;:&quot;&quot;},&quot;_id&quot;:&quot;3e4bd5e&quot;,&quot;jet_parallax_layout_image_tablet&quot;:{&quot;url&quot;:&quot;&quot;,&quot;id&quot;:&quot;&quot;,&quot;size&quot;:&quot;&quot;},&quot;jet_parallax_layout_image_mobile&quot;:{&quot;url&quot;:&quot;&quot;,&quot;id&quot;:&quot;&quot;,&quot;size&quot;:&quot;&quot;},&quot;jet_parallax_layout_speed&quot;:{&quot;unit&quot;:&quot;%&quot;,&quot;size&quot;:50,&quot;sizes&quot;:[]},&quot;jet_parallax_layout_type&quot;:&quot;scroll&quot;,&quot;jet_parallax_layout_direction&quot;:null,&quot;jet_parallax_layout_fx_direction&quot;:null,&quot;jet_parallax_layout_z_index&quot;:&quot;&quot;,&quot;jet_parallax_layout_bg_x&quot;:50,&quot;jet_parallax_layout_bg_x_tablet&quot;:&quot;&quot;,&quot;jet_parallax_layout_bg_x_mobile&quot;:&quot;&quot;,&quot;jet_parallax_layout_bg_y&quot;:50,&quot;jet_parallax_layout_bg_y_tablet&quot;:&quot;&quot;,&quot;jet_parallax_layout_bg_y_mobile&quot;:&quot;&quot;,&quot;jet_parallax_layout_bg_size&quot;:&quot;auto&quot;,&quot;jet_parallax_layout_bg_size_tablet&quot;:&quot;&quot;,&quot;jet_parallax_layout_bg_size_mobile&quot;:&quot;&quot;,&quot;jet_parallax_layout_animation_prop&quot;:&quot;transform&quot;,&quot;jet_parallax_layout_on&quot;:[&quot;desktop&quot;,&quot;tablet&quot;]}]}\">\n\t\t\t\t\t\t<div class=\"elementor-container elementor-column-gap-default\">\n\t\t\t\t\t\t\t<div class=\"elementor-row\">\n\t\t\t\t\t<div class=\"elementor-column elementor-col-100 elementor-top-column elementor-element elementor-element-25bcca5\" data-id=\"25bcca5\" data-element_type=\"column\">\n\t\t\t<div class=\"elementor-column-wrap elementor-element-populated\">\n\t\t\t\t\t\t\t<div class=\"elementor-widget-wrap\">\n\t\t\t\t\t\t<div class=\"elementor-element elementor-element-67a1e58 elementor-absolute overflowfix elementor-widget elementor-widget-image\" data-id=\"67a1e58\" data-element_type=\"widget\" data-settings=\"{&quot;_position&quot;:&quot;absolute&quot;}\" data-widget_type=\"image.default\">\n\t\t\t\t<div class=\"elementor-widget-container\">\n\t\t\t\t\t\t\t\t<div class=\"elementor-image\">\n\t\t\t\t\t\t\t\t\t\t\t\t<img decoding=\"async\" width=\"1000\" height=\"925\" src=\"https:\/\/tafftacticalgroup.com\/wp-content\/uploads\/2020\/03\/Soldier-1.png\" class=\"attachment-large size-large wp-image-383\" alt=\"\" loading=\"lazy\" srcset=\"https:\/\/tafftacticalgroup.com\/wp-content\/uploads\/2020\/03\/Soldier-1.png 1000w, https:\/\/tafftacticalgroup.com\/wp-content\/uploads\/2020\/03\/Soldier-1-300x278.png 300w, https:\/\/tafftacticalgroup.com\/wp-content\/uploads\/2020\/03\/Soldier-1-768x710.png 768w\" sizes=\"(max-width: 1000px) 100vw, 1000px\" \/>\t\t\t\t\t\t\t\t\t\t\t\t\t\t<\/div>\n\t\t\t\t\t\t<\/div>\n\t\t\t\t<\/div>\n\t\t\t\t<div class=\"elementor-element elementor-element-2bc916d leftline elementor-widget elementor-widget-heading\" data-id=\"2bc916d\" data-element_type=\"widget\" data-widget_type=\"heading.default\">\n\t\t\t\t<div class=\"elementor-widget-container\">\n\t\t\t<h4 class=\"elementor-heading-title elementor-size-default\">LAND COURSES<\/h4>\t\t<\/div>\n\t\t\t\t<\/div>\n\t\t\t\t<div class=\"elementor-element elementor-element-7e899c6 elementor-widget elementor-widget-text-editor\" data-id=\"7e899c6\" data-element_type=\"widget\" data-widget_type=\"text-editor.default\">\n\t\t\t\t<div class=\"elementor-widget-container\">\n\t\t\t\t\t\t\t\t<div class=\"elementor-text-editor elementor-clearfix\">\n\t\t\t\t<p>Our company organizes training in two thematic blocks:<\/p><ul><li>green tactics<\/li><li>CQB<\/li><\/ul><p class=\" translation-block\">Taking into account the welfare and safety of our customers our team conducts <br>training only on selected tactical elements used by special forces.<br> We also implement issues such as:<\/p><ul><li>first aid<\/li><li>battlefield medicine TCCC<\/li><li>SURVIVAL<\/li><li>operational driving technique<\/li><li>VIP protection<\/li><\/ul>\t\t\t\t\t<\/div>\n\t\t\t\t\t\t<\/div>\n\t\t\t\t<\/div>\n\t\t\t\t\t\t<\/div>\n\t\t\t\t\t<\/div>\n\t\t<\/div>\n\t\t\t\t\t\t\t\t<\/div>\n\t\t\t\t\t<\/div>\n\t\t<\/section>\n\t\t\t\t<section class=\"elementor-section elementor-top-section elementor-element elementor-element-7ba6722 elementor-section-boxed elementor-section-height-default elementor-section-height-default\" data-id=\"7ba6722\" data-element_type=\"section\" data-settings=\"{&quot;jet_parallax_layout_list&quot;:[{&quot;jet_parallax_layout_image&quot;:{&quot;url&quot;:&quot;&quot;,&quot;id&quot;:&quot;&quot;,&quot;size&quot;:&quot;&quot;},&quot;_id&quot;:&quot;85557cc&quot;,&quot;jet_parallax_layout_image_tablet&quot;:{&quot;url&quot;:&quot;&quot;,&quot;id&quot;:&quot;&quot;,&quot;size&quot;:&quot;&quot;},&quot;jet_parallax_layout_image_mobile&quot;:{&quot;url&quot;:&quot;&quot;,&quot;id&quot;:&quot;&quot;,&quot;size&quot;:&quot;&quot;},&quot;jet_parallax_layout_speed&quot;:{&quot;unit&quot;:&quot;%&quot;,&quot;size&quot;:50,&quot;sizes&quot;:[]},&quot;jet_parallax_layout_type&quot;:&quot;scroll&quot;,&quot;jet_parallax_layout_direction&quot;:null,&quot;jet_parallax_layout_fx_direction&quot;:null,&quot;jet_parallax_layout_z_index&quot;:&quot;&quot;,&quot;jet_parallax_layout_bg_x&quot;:50,&quot;jet_parallax_layout_bg_x_tablet&quot;:&quot;&quot;,&quot;jet_parallax_layout_bg_x_mobile&quot;:&quot;&quot;,&quot;jet_parallax_layout_bg_y&quot;:50,&quot;jet_parallax_layout_bg_y_tablet&quot;:&quot;&quot;,&quot;jet_parallax_layout_bg_y_mobile&quot;:&quot;&quot;,&quot;jet_parallax_layout_bg_size&quot;:&quot;auto&quot;,&quot;jet_parallax_layout_bg_size_tablet&quot;:&quot;&quot;,&quot;jet_parallax_layout_bg_size_mobile&quot;:&quot;&quot;,&quot;jet_parallax_layout_animation_prop&quot;:&quot;transform&quot;,&quot;jet_parallax_layout_on&quot;:[&quot;desktop&quot;,&quot;tablet&quot;]}]}\">\n\t\t\t\t\t\t<div class=\"elementor-container elementor-column-gap-default\">\n\t\t\t\t\t\t\t<div class=\"elementor-row\">\n\t\t\t\t\t<div class=\"elementor-column elementor-col-100 elementor-top-column elementor-element elementor-element-d1b8105\" data-id=\"d1b8105\" data-element_type=\"column\">\n\t\t\t<div class=\"elementor-column-wrap elementor-element-populated\">\n\t\t\t\t\t\t\t<div class=\"elementor-widget-wrap\">\n\t\t\t\t\t\t<div class=\"elementor-element elementor-element-1115709 elementor-widget-divider--view-line elementor-widget elementor-widget-divider\" data-id=\"1115709\" data-element_type=\"widget\" data-widget_type=\"divider.default\">\n\t\t\t\t<div class=\"elementor-widget-container\">\n\t\t\t\t\t<div class=\"elementor-divider\">\n\t\t\t<span class=\"elementor-divider-separator\">\n\t\t\t\t\t\t<\/span>\n\t\t<\/div>\n\t\t\t\t<\/div>\n\t\t\t\t<\/div>\n\t\t\t\t<section class=\"elementor-section elementor-inner-section elementor-element elementor-element-4010e53 opisline elementor-section-boxed elementor-section-height-default elementor-section-height-default\" data-id=\"4010e53\" data-element_type=\"section\" data-settings=\"{&quot;jet_parallax_layout_list&quot;:[{&quot;jet_parallax_layout_image&quot;:{&quot;url&quot;:&quot;&quot;,&quot;id&quot;:&quot;&quot;,&quot;size&quot;:&quot;&quot;},&quot;_id&quot;:&quot;0c0bf31&quot;,&quot;jet_parallax_layout_image_tablet&quot;:{&quot;url&quot;:&quot;&quot;,&quot;id&quot;:&quot;&quot;,&quot;size&quot;:&quot;&quot;},&quot;jet_parallax_layout_image_mobile&quot;:{&quot;url&quot;:&quot;&quot;,&quot;id&quot;:&quot;&quot;,&quot;size&quot;:&quot;&quot;},&quot;jet_parallax_layout_speed&quot;:{&quot;unit&quot;:&quot;%&quot;,&quot;size&quot;:50,&quot;sizes&quot;:[]},&quot;jet_parallax_layout_type&quot;:&quot;scroll&quot;,&quot;jet_parallax_layout_direction&quot;:null,&quot;jet_parallax_layout_fx_direction&quot;:null,&quot;jet_parallax_layout_z_index&quot;:&quot;&quot;,&quot;jet_parallax_layout_bg_x&quot;:50,&quot;jet_parallax_layout_bg_x_tablet&quot;:&quot;&quot;,&quot;jet_parallax_layout_bg_x_mobile&quot;:&quot;&quot;,&quot;jet_parallax_layout_bg_y&quot;:50,&quot;jet_parallax_layout_bg_y_tablet&quot;:&quot;&quot;,&quot;jet_parallax_layout_bg_y_mobile&quot;:&quot;&quot;,&quot;jet_parallax_layout_bg_size&quot;:&quot;auto&quot;,&quot;jet_parallax_layout_bg_size_tablet&quot;:&quot;&quot;,&quot;jet_parallax_layout_bg_size_mobile&quot;:&quot;&quot;,&quot;jet_parallax_layout_animation_prop&quot;:&quot;transform&quot;,&quot;jet_parallax_layout_on&quot;:[&quot;desktop&quot;,&quot;tablet&quot;]}]}\">\n\t\t\t\t\t\t<div class=\"elementor-container elementor-column-gap-default\">\n\t\t\t\t\t\t\t<div class=\"elementor-row\">\n\t\t\t\t\t<div class=\"elementor-column elementor-col-100 elementor-inner-column elementor-element elementor-element-d511fab\" data-id=\"d511fab\" data-element_type=\"column\">\n\t\t\t<div class=\"elementor-column-wrap elementor-element-populated\">\n\t\t\t\t\t\t\t<div class=\"elementor-widget-wrap\">\n\t\t\t\t\t\t<div class=\"elementor-element elementor-element-5bedc79 tekst elementor-widget elementor-widget-text-editor\" data-id=\"5bedc79\" data-element_type=\"widget\" data-widget_type=\"text-editor.default\">\n\t\t\t\t<div class=\"elementor-widget-container\">\n\t\t\t\t\t\t\t\t<div class=\"elementor-text-editor elementor-clearfix\">\n\t\t\t\t<p>In our opinion, the key to success is an individual approach to each group, which allows to achieve the best training results. Professionalism and experience of our instructors makes it possible to create an optimal training program according to your expectations. We do not use ready made universal training programs, because we try to adapt everything to the specific of a given group. Basing on the knowledge and experience of our instructors, as soon as we receive information from you about the character of your team and the topic you are interested in we will create a special program tailored to your needs. Due to the need to prepare and planning of a training program of an individual character it is required to:<\/p><ul><li>register the course one month in advance<\/li><li>smallest group of participants    -  6 people<\/li><\/ul><p>The applicable list of equipment will be presented in accordance with the characteristics of the of the course.<\/p>\t\t\t\t\t<\/div>\n\t\t\t\t\t\t<\/div>\n\t\t\t\t<\/div>\n\t\t\t\t\t\t<\/div>\n\t\t\t\t\t<\/div>\n\t\t<\/div>\n\t\t\t\t\t\t\t\t<\/div>\n\t\t\t\t\t<\/div>\n\t\t<\/section>\n\t\t\t\t<div class=\"elementor-element elementor-element-d87ea15 elementor-widget-divider--view-line elementor-widget elementor-widget-divider\" data-id=\"d87ea15\" data-element_type=\"widget\" data-widget_type=\"divider.default\">\n\t\t\t\t<div class=\"elementor-widget-container\">\n\t\t\t\t\t<div class=\"elementor-divider\">\n\t\t\t<span class=\"elementor-divider-separator\">\n\t\t\t\t\t\t<\/span>\n\t\t<\/div>\n\t\t\t\t<\/div>\n\t\t\t\t<\/div>\n\t\t\t\t\t\t<\/div>\n\t\t\t\t\t<\/div>\n\t\t<\/div>\n\t\t\t\t\t\t\t\t<\/div>\n\t\t\t\t\t<\/div>\n\t\t<\/section>\n\t\t\t\t\t\t\t\t\t<\/div>\n\t\t\t<\/div>\n\t\t\t\t\t<\/div>","protected":false},"excerpt":{"rendered":"<p>SZKOLENIA L\u0104DOWE Nasza firma organizuje szkolenia w zakresie dw\u00f3ch blok\u00f3w tematycznych: taktyki zielonej CQB Z uwagi na dobro oraz bezpiecze\u0144stwo naszego klienta zesp\u00f3\u0142 nasz prowadziszkolenia wy\u0142\u0105cznie z wybranych element\u00f3w taktycznych stosowanych przez si\u0142yspecjalne. Realizujemy r\u00f3wnie\u017c zagadnienia takie jak: pierwsza pomoc medycyna pola walki TCCC SURVIVAL technika jazdy operacyjnej ochrona VIP Wed\u0142ug nas kluczem do sukcesu [&hellip;]<\/p>","protected":false},"author":1,"featured_media":1485,"parent":0,"menu_order":0,"comment_status":"closed","ping_status":"closed","template":"","meta":{"ocean_post_layout":"","ocean_both_sidebars_style":"","ocean_both_sidebars_content_width":0,"ocean_both_sidebars_sidebars_width":0,"ocean_sidebar":"0","ocean_second_sidebar":"0","ocean_disable_margins":"enable","ocean_add_body_class":"","ocean_shortcode_before_top_bar":"","ocean_shortcode_after_top_bar":"","ocean_shortcode_before_header":"","ocean_shortcode_after_header":"","ocean_has_shortcode":"","ocean_shortcode_after_title":"","ocean_shortcode_before_footer_widgets":"","ocean_shortcode_after_footer_widgets":"","ocean_shortcode_before_footer_bottom":"","ocean_shortcode_after_footer_bottom":"","ocean_display_top_bar":"default","ocean_display_header":"default","ocean_header_style":"","ocean_center_header_left_menu":"0","ocean_custom_header_template":"0","ocean_custom_logo":0,"ocean_custom_retina_logo":0,"ocean_custom_logo_max_width":0,"ocean_custom_logo_tablet_max_width":0,"ocean_custom_logo_mobile_max_width":0,"ocean_custom_logo_max_height":0,"ocean_custom_logo_tablet_max_height":0,"ocean_custom_logo_mobile_max_height":0,"ocean_header_custom_menu":"0","ocean_menu_typo_font_family":"0","ocean_menu_typo_font_subset":"","ocean_menu_typo_font_size":0,"ocean_menu_typo_font_size_tablet":0,"ocean_menu_typo_font_size_mobile":0,"ocean_menu_typo_font_size_unit":"px","ocean_menu_typo_font_weight":"","ocean_menu_typo_font_weight_tablet":"","ocean_menu_typo_font_weight_mobile":"","ocean_menu_typo_transform":"","ocean_menu_typo_transform_tablet":"","ocean_menu_typo_transform_mobile":"","ocean_menu_typo_line_height":0,"ocean_menu_typo_line_height_tablet":0,"ocean_menu_typo_line_height_mobile":0,"ocean_menu_typo_line_height_unit":"","ocean_menu_typo_spacing":0,"ocean_menu_typo_spacing_tablet":0,"ocean_menu_typo_spacing_mobile":0,"ocean_menu_typo_spacing_unit":"","ocean_menu_link_color":"","ocean_menu_link_color_hover":"","ocean_menu_link_color_active":"","ocean_menu_link_background":"","ocean_menu_link_hover_background":"","ocean_menu_link_active_background":"","ocean_menu_social_links_bg":"","ocean_menu_social_hover_links_bg":"","ocean_menu_social_links_color":"","ocean_menu_social_hover_links_color":"","ocean_disable_title":"default","ocean_disable_heading":"default","ocean_post_title":"","ocean_post_subheading":"","ocean_post_title_style":"","ocean_post_title_background_color":"","ocean_post_title_background":0,"ocean_post_title_bg_image_position":"","ocean_post_title_bg_image_attachment":"","ocean_post_title_bg_image_repeat":"","ocean_post_title_bg_image_size":"","ocean_post_title_height":0,"ocean_post_title_bg_overlay":0.5,"ocean_post_title_bg_overlay_color":"","ocean_disable_breadcrumbs":"default","ocean_breadcrumbs_color":"","ocean_breadcrumbs_separator_color":"","ocean_breadcrumbs_links_color":"","ocean_breadcrumbs_links_hover_color":"","ocean_display_footer_widgets":"default","ocean_display_footer_bottom":"default","ocean_custom_footer_template":"0"},"acf":[],"yoast_head":"<!-- This site is optimized with the Yoast SEO plugin v20.7 - https:\/\/yoast.com\/wordpress\/plugins\/seo\/ -->\n<title>Szkolenia l\u0105dowe - Taff Tactical Group<\/title>\n<meta name=\"robots\" content=\"index, follow, max-snippet:-1, max-image-preview:large, max-video-preview:-1\" \/>\n<link rel=\"canonical\" href=\"https:\/\/tafftacticalgroup.com\/en\/szkolenia-ladowe\/\" \/>\n<meta property=\"og:locale\" content=\"en_US\" \/>\n<meta property=\"og:type\" content=\"article\" \/>\n<meta property=\"og:title\" content=\"Szkolenia l\u0105dowe - Taff Tactical Group\" \/>\n<meta property=\"og:description\" content=\"SZKOLENIA L\u0104DOWE Nasza firma organizuje szkolenia w zakresie dw\u00f3ch blok\u00f3w tematycznych: taktyki zielonej CQB Z uwagi na dobro oraz bezpiecze\u0144stwo naszego klienta zesp\u00f3\u0142 nasz prowadziszkolenia wy\u0142\u0105cznie z wybranych element\u00f3w taktycznych stosowanych przez si\u0142yspecjalne. Realizujemy r\u00f3wnie\u017c zagadnienia takie jak: pierwsza pomoc medycyna pola walki TCCC SURVIVAL technika jazdy operacyjnej ochrona VIP Wed\u0142ug nas kluczem do sukcesu [&hellip;]\" \/>\n<meta property=\"og:url\" content=\"https:\/\/tafftacticalgroup.com\/en\/szkolenia-ladowe\/\" \/>\n<meta property=\"og:site_name\" content=\"Taff Tactical Group\" \/>\n<meta property=\"article:modified_time\" content=\"2022-02-24T14:39:12+00:00\" \/>\n<meta property=\"og:image\" content=\"https:\/\/tafftacticalgroup.com\/wp-content\/uploads\/2022\/02\/ladowe.jpg\" \/>\n\t<meta property=\"og:image:width\" content=\"2560\" \/>\n\t<meta property=\"og:image:height\" content=\"1707\" \/>\n\t<meta property=\"og:image:type\" content=\"image\/jpeg\" \/>\n<meta name=\"twitter:card\" content=\"summary_large_image\" \/>\n<meta name=\"twitter:label1\" content=\"Est. reading time\" \/>\n\t<meta name=\"twitter:data1\" content=\"2 minutes\" \/>\n<script type=\"application\/ld+json\" class=\"yoast-schema-graph\">{\"@context\":\"https:\/\/schema.org\",\"@graph\":[{\"@type\":\"WebPage\",\"@id\":\"https:\/\/tafftacticalgroup.com\/szkolenia-ladowe\/\",\"url\":\"https:\/\/tafftacticalgroup.com\/szkolenia-ladowe\/\",\"name\":\"Szkolenia l\u0105dowe - Taff Tactical Group\",\"isPartOf\":{\"@id\":\"https:\/\/tafftacticalgroup.com\/#website\"},\"datePublished\":\"2020-03-04T14:02:13+00:00\",\"dateModified\":\"2022-02-24T14:39:12+00:00\",\"breadcrumb\":{\"@id\":\"https:\/\/tafftacticalgroup.com\/szkolenia-ladowe\/#breadcrumb\"},\"inLanguage\":\"en-US\",\"potentialAction\":[{\"@type\":\"ReadAction\",\"target\":[\"https:\/\/tafftacticalgroup.com\/szkolenia-ladowe\/\"]}]},{\"@type\":\"BreadcrumbList\",\"@id\":\"https:\/\/tafftacticalgroup.com\/szkolenia-ladowe\/#breadcrumb\",\"itemListElement\":[{\"@type\":\"ListItem\",\"position\":1,\"name\":\"Strona g\u0142\u00f3wna\",\"item\":\"https:\/\/tafftacticalgroup.com\/\"},{\"@type\":\"ListItem\",\"position\":2,\"name\":\"Szkolenia l\u0105dowe\"}]},{\"@type\":\"WebSite\",\"@id\":\"https:\/\/tafftacticalgroup.com\/#website\",\"url\":\"https:\/\/tafftacticalgroup.com\/\",\"name\":\"Taff Tactical Group\",\"description\":\"Zapraszamy do zapoznania si\u0119 z nasza ofert\u0105.\",\"potentialAction\":[{\"@type\":\"SearchAction\",\"target\":{\"@type\":\"EntryPoint\",\"urlTemplate\":\"https:\/\/tafftacticalgroup.com\/?s={search_term_string}\"},\"query-input\":\"required name=search_term_string\"}],\"inLanguage\":\"en-US\"}]}<\/script>\n<!-- \/ Yoast SEO plugin. -->","yoast_head_json":{"title":"Szkolenia l\u0105dowe - Taff Tactical Group","robots":{"index":"index","follow":"follow","max-snippet":"max-snippet:-1","max-image-preview":"max-image-preview:large","max-video-preview":"max-video-preview:-1"},"canonical":"https:\/\/tafftacticalgroup.com\/en\/szkolenia-ladowe\/","og_locale":"en_US","og_type":"article","og_title":"Szkolenia l\u0105dowe - Taff Tactical Group","og_description":"SZKOLENIA L\u0104DOWE Nasza firma organizuje szkolenia w zakresie dw\u00f3ch blok\u00f3w tematycznych: taktyki zielonej CQB Z uwagi na dobro oraz bezpiecze\u0144stwo naszego klienta zesp\u00f3\u0142 nasz prowadziszkolenia wy\u0142\u0105cznie z wybranych element\u00f3w taktycznych stosowanych przez si\u0142yspecjalne. Realizujemy r\u00f3wnie\u017c zagadnienia takie jak: pierwsza pomoc medycyna pola walki TCCC SURVIVAL technika jazdy operacyjnej ochrona VIP Wed\u0142ug nas kluczem do sukcesu [&hellip;]","og_url":"https:\/\/tafftacticalgroup.com\/en\/szkolenia-ladowe\/","og_site_name":"Taff Tactical Group","article_modified_time":"2022-02-24T14:39:12+00:00","og_image":[{"width":2560,"height":1707,"url":"https:\/\/tafftacticalgroup.com\/wp-content\/uploads\/2022\/02\/ladowe.jpg","type":"image\/jpeg"}],"twitter_card":"summary_large_image","twitter_misc":{"Est. reading time":"2 minutes"},"schema":{"@context":"https:\/\/schema.org","@graph":[{"@type":"WebPage","@id":"https:\/\/tafftacticalgroup.com\/szkolenia-ladowe\/","url":"https:\/\/tafftacticalgroup.com\/szkolenia-ladowe\/","name":"Szkolenia l\u0105dowe - Taff Tactical Group","isPartOf":{"@id":"https:\/\/tafftacticalgroup.com\/#website"},"datePublished":"2020-03-04T14:02:13+00:00","dateModified":"2022-02-24T14:39:12+00:00","breadcrumb":{"@id":"https:\/\/tafftacticalgroup.com\/szkolenia-ladowe\/#breadcrumb"},"inLanguage":"en-US","potentialAction":[{"@type":"ReadAction","target":["https:\/\/tafftacticalgroup.com\/szkolenia-ladowe\/"]}]},{"@type":"BreadcrumbList","@id":"https:\/\/tafftacticalgroup.com\/szkolenia-ladowe\/#breadcrumb","itemListElement":[{"@type":"ListItem","position":1,"name":"Strona g\u0142\u00f3wna","item":"https:\/\/tafftacticalgroup.com\/"},{"@type":"ListItem","position":2,"name":"Szkolenia l\u0105dowe"}]},{"@type":"WebSite","@id":"https:\/\/tafftacticalgroup.com\/#website","url":"https:\/\/tafftacticalgroup.com\/","name":"Taff Tactical Group","description":"Zapraszamy do zapoznania si\u0119 z nasza ofert\u0105.","potentialAction":[{"@type":"SearchAction","target":{"@type":"EntryPoint","urlTemplate":"https:\/\/tafftacticalgroup.com\/?s={search_term_string}"},"query-input":"required name=search_term_string"}],"inLanguage":"en-US"}]}},"_links":{"self":[{"href":"https:\/\/tafftacticalgroup.com\/en\/wp-json\/wp\/v2\/pages\/134"}],"collection":[{"href":"https:\/\/tafftacticalgroup.com\/en\/wp-json\/wp\/v2\/pages"}],"about":[{"href":"https:\/\/tafftacticalgroup.com\/en\/wp-json\/wp\/v2\/types\/page"}],"author":[{"embeddable":true,"href":"https:\/\/tafftacticalgroup.com\/en\/wp-json\/wp\/v2\/users\/1"}],"replies":[{"embeddable":true,"href":"https:\/\/tafftacticalgroup.com\/en\/wp-json\/wp\/v2\/comments?post=134"}],"version-history":[{"count":29,"href":"https:\/\/tafftacticalgroup.com\/en\/wp-json\/wp\/v2\/pages\/134\/revisions"}],"predecessor-version":[{"id":1671,"href":"https:\/\/tafftacticalgroup.com\/en\/wp-json\/wp\/v2\/pages\/134\/revisions\/1671"}],"wp:featuredmedia":[{"embeddable":true,"href":"https:\/\/tafftacticalgroup.com\/en\/wp-json\/wp\/v2\/media\/1485"}],"wp:attachment":[{"href":"https:\/\/tafftacticalgroup.com\/en\/wp-json\/wp\/v2\/media?parent=134"}],"curies":[{"name":"wp","href":"https:\/\/api.w.org\/{rel}","templated":true}]}}