{"id":433,"date":"2020-03-19T11:39:32","date_gmt":"2020-03-19T11:39:32","guid":{"rendered":"http:\/\/tafftacticalgroup.com\/?page_id=433"},"modified":"2022-02-24T14:54:27","modified_gmt":"2022-02-24T14:54:27","slug":"cqb","status":"publish","type":"page","link":"https:\/\/tafftacticalgroup.com\/en\/szkolenia-ladowe-dla-sluzb\/cqb\/","title":{"rendered":"CQB"},"content":{"rendered":"<div data-elementor-type=\"wp-page\" data-elementor-id=\"433\" class=\"elementor elementor-433\">\n\t\t\t\t\t\t<div class=\"elementor-inner\">\n\t\t\t\t<div class=\"elementor-section-wrap\">\n\t\t\t\t\t\t\t\t\t<section class=\"elementor-section elementor-top-section elementor-element elementor-element-97f1f51 elementor-section-boxed elementor-section-height-default elementor-section-height-default\" data-id=\"97f1f51\" data-element_type=\"section\" data-settings=\"{&quot;jet_parallax_layout_list&quot;:[{&quot;jet_parallax_layout_image&quot;:{&quot;url&quot;:&quot;&quot;,&quot;id&quot;:&quot;&quot;,&quot;size&quot;:&quot;&quot;},&quot;_id&quot;:&quot;a00378b&quot;,&quot;jet_parallax_layout_image_tablet&quot;:{&quot;url&quot;:&quot;&quot;,&quot;id&quot;:&quot;&quot;,&quot;size&quot;:&quot;&quot;},&quot;jet_parallax_layout_image_mobile&quot;:{&quot;url&quot;:&quot;&quot;,&quot;id&quot;:&quot;&quot;,&quot;size&quot;:&quot;&quot;},&quot;jet_parallax_layout_speed&quot;:{&quot;unit&quot;:&quot;%&quot;,&quot;size&quot;:50,&quot;sizes&quot;:[]},&quot;jet_parallax_layout_type&quot;:&quot;scroll&quot;,&quot;jet_parallax_layout_direction&quot;:null,&quot;jet_parallax_layout_fx_direction&quot;:null,&quot;jet_parallax_layout_z_index&quot;:&quot;&quot;,&quot;jet_parallax_layout_bg_x&quot;:50,&quot;jet_parallax_layout_bg_x_tablet&quot;:&quot;&quot;,&quot;jet_parallax_layout_bg_x_mobile&quot;:&quot;&quot;,&quot;jet_parallax_layout_bg_y&quot;:50,&quot;jet_parallax_layout_bg_y_tablet&quot;:&quot;&quot;,&quot;jet_parallax_layout_bg_y_mobile&quot;:&quot;&quot;,&quot;jet_parallax_layout_bg_size&quot;:&quot;auto&quot;,&quot;jet_parallax_layout_bg_size_tablet&quot;:&quot;&quot;,&quot;jet_parallax_layout_bg_size_mobile&quot;:&quot;&quot;,&quot;jet_parallax_layout_animation_prop&quot;:&quot;transform&quot;,&quot;jet_parallax_layout_on&quot;:[&quot;desktop&quot;,&quot;tablet&quot;]}]}\">\n\t\t\t\t\t\t<div class=\"elementor-container elementor-column-gap-default\">\n\t\t\t\t\t\t\t<div class=\"elementor-row\">\n\t\t\t\t\t<div class=\"elementor-column elementor-col-100 elementor-top-column elementor-element elementor-element-79718e9\" data-id=\"79718e9\" data-element_type=\"column\">\n\t\t\t<div class=\"elementor-column-wrap elementor-element-populated\">\n\t\t\t\t\t\t\t<div class=\"elementor-widget-wrap\">\n\t\t\t\t\t\t<div class=\"elementor-element elementor-element-8c7022b leftline elementor-widget elementor-widget-heading\" data-id=\"8c7022b\" data-element_type=\"widget\" data-widget_type=\"heading.default\">\n\t\t\t\t<div class=\"elementor-widget-container\">\n\t\t\t<h4 class=\"elementor-heading-title elementor-size-default\">CQB<\/h4>\t\t<\/div>\n\t\t\t\t<\/div>\n\t\t\t\t<div class=\"elementor-element elementor-element-7aad74a tekst elementor-widget elementor-widget-text-editor\" data-id=\"7aad74a\" data-element_type=\"widget\" data-widget_type=\"text-editor.default\">\n\t\t\t\t<div class=\"elementor-widget-container\">\n\t\t\t\t\t\t\t\t<div class=\"elementor-text-editor elementor-clearfix\">\n\t\t\t\t<p>This is a specialized course that prepares you to conduct special operations.<\/p><p>Taff Tactical Group will prepare and train your team and in a follow up exercise. We will test your acquired section\/group skills in the following areas :<\/p><ul><li>analysis, planning and issuing of combat orders<\/li><li>team action in the framework of DA \/ HRO operation - cleaning of a single room, passageways<\/li><li>attack on single- and multi - storey buildings<\/li><li>conducting offensive operations in urbanized terrain<\/li><li>operation of sections in the city and cooperation between sections<\/li><li>coordinate cooperation between sections within an urban combat area urban area<\/li><li>stopping, dominating and controlling wheeled\/rail vehicles<\/li><\/ul><p>Conducted training is complex and requires highly specialized training. Achievement of particular specializations is preceded by many intensive training<\/p><p><br \/>CQB course is a multi-level training in the field of land special operations as well as counter-terrorist actions.<br \/>In our opinion the key to success is individual approach to each group, which allows to achieve the best training results.<br \/>Professionalism and experience of our instructors gives the possibility to create the optimal training program for your team according to your expectations.<\/p>\t\t\t\t\t<\/div>\n\t\t\t\t\t\t<\/div>\n\t\t\t\t<\/div>\n\t\t\t\t\t\t<\/div>\n\t\t\t\t\t<\/div>\n\t\t<\/div>\n\t\t\t\t\t\t\t\t<\/div>\n\t\t\t\t\t<\/div>\n\t\t<\/section>\n\t\t\t\t<section class=\"elementor-section elementor-top-section elementor-element elementor-element-b1983cf elementor-section-boxed elementor-section-height-default elementor-section-height-default\" data-id=\"b1983cf\" data-element_type=\"section\" data-settings=\"{&quot;jet_parallax_layout_list&quot;:[{&quot;jet_parallax_layout_image&quot;:{&quot;url&quot;:&quot;&quot;,&quot;id&quot;:&quot;&quot;,&quot;size&quot;:&quot;&quot;},&quot;_id&quot;:&quot;86058ad&quot;,&quot;jet_parallax_layout_image_tablet&quot;:{&quot;url&quot;:&quot;&quot;,&quot;id&quot;:&quot;&quot;,&quot;size&quot;:&quot;&quot;},&quot;jet_parallax_layout_image_mobile&quot;:{&quot;url&quot;:&quot;&quot;,&quot;id&quot;:&quot;&quot;,&quot;size&quot;:&quot;&quot;},&quot;jet_parallax_layout_speed&quot;:{&quot;unit&quot;:&quot;%&quot;,&quot;size&quot;:50,&quot;sizes&quot;:[]},&quot;jet_parallax_layout_type&quot;:&quot;scroll&quot;,&quot;jet_parallax_layout_direction&quot;:null,&quot;jet_parallax_layout_fx_direction&quot;:null,&quot;jet_parallax_layout_z_index&quot;:&quot;&quot;,&quot;jet_parallax_layout_bg_x&quot;:50,&quot;jet_parallax_layout_bg_x_tablet&quot;:&quot;&quot;,&quot;jet_parallax_layout_bg_x_mobile&quot;:&quot;&quot;,&quot;jet_parallax_layout_bg_y&quot;:50,&quot;jet_parallax_layout_bg_y_tablet&quot;:&quot;&quot;,&quot;jet_parallax_layout_bg_y_mobile&quot;:&quot;&quot;,&quot;jet_parallax_layout_bg_size&quot;:&quot;auto&quot;,&quot;jet_parallax_layout_bg_size_tablet&quot;:&quot;&quot;,&quot;jet_parallax_layout_bg_size_mobile&quot;:&quot;&quot;,&quot;jet_parallax_layout_animation_prop&quot;:&quot;transform&quot;,&quot;jet_parallax_layout_on&quot;:[&quot;desktop&quot;,&quot;tablet&quot;]}],&quot;shape_divider_bottom&quot;:&quot;tilt&quot;}\">\n\t\t\t\t\t<div class=\"elementor-shape elementor-shape-bottom\" data-negative=\"false\">\n\t\t\t<svg xmlns=\"http:\/\/www.w3.org\/2000\/svg\" viewbox=\"0 0 1000 100\" preserveaspectratio=\"none\">\n\t<path class=\"elementor-shape-fill\" d=\"M0,6V0h1000v100L0,6z\"\/>\n<\/svg>\t\t<\/div>\n\t\t\t\t\t<div class=\"elementor-container elementor-column-gap-default\">\n\t\t\t\t\t\t\t<div class=\"elementor-row\">\n\t\t\t\t\t<div class=\"elementor-column elementor-col-100 elementor-top-column elementor-element elementor-element-0feedc7\" data-id=\"0feedc7\" data-element_type=\"column\">\n\t\t\t<div class=\"elementor-column-wrap elementor-element-populated\">\n\t\t\t\t\t\t\t<div class=\"elementor-widget-wrap\">\n\t\t\t\t\t\t<div class=\"elementor-element elementor-element-fda3b00 elementor-widget elementor-widget-heading\" data-id=\"fda3b00\" data-element_type=\"widget\" data-widget_type=\"heading.default\">\n\t\t\t\t<div class=\"elementor-widget-container\">\n\t\t\t<h4 class=\"elementor-heading-title elementor-size-default\">RELATED TRAINING COURSES<\/h4>\t\t<\/div>\n\t\t\t\t<\/div>\n\t\t\t\t\t\t<\/div>\n\t\t\t\t\t<\/div>\n\t\t<\/div>\n\t\t\t\t\t\t\t\t<\/div>\n\t\t\t\t\t<\/div>\n\t\t<\/section>\n\t\t\t\t<section class=\"elementor-section elementor-top-section elementor-element elementor-element-013c1c2 elementor-section-stretched elementor-section-full_width elementor-section-height-default elementor-section-height-default\" data-id=\"013c1c2\" data-element_type=\"section\" data-settings=\"{&quot;jet_parallax_layout_list&quot;:[{&quot;jet_parallax_layout_image&quot;:{&quot;url&quot;:&quot;&quot;,&quot;id&quot;:&quot;&quot;,&quot;size&quot;:&quot;&quot;},&quot;_id&quot;:&quot;7d5a7d9&quot;,&quot;jet_parallax_layout_image_tablet&quot;:{&quot;url&quot;:&quot;&quot;,&quot;id&quot;:&quot;&quot;,&quot;size&quot;:&quot;&quot;},&quot;jet_parallax_layout_image_mobile&quot;:{&quot;url&quot;:&quot;&quot;,&quot;id&quot;:&quot;&quot;,&quot;size&quot;:&quot;&quot;},&quot;jet_parallax_layout_speed&quot;:{&quot;unit&quot;:&quot;%&quot;,&quot;size&quot;:50,&quot;sizes&quot;:[]},&quot;jet_parallax_layout_type&quot;:&quot;scroll&quot;,&quot;jet_parallax_layout_direction&quot;:null,&quot;jet_parallax_layout_fx_direction&quot;:null,&quot;jet_parallax_layout_z_index&quot;:&quot;&quot;,&quot;jet_parallax_layout_bg_x&quot;:50,&quot;jet_parallax_layout_bg_x_tablet&quot;:&quot;&quot;,&quot;jet_parallax_layout_bg_x_mobile&quot;:&quot;&quot;,&quot;jet_parallax_layout_bg_y&quot;:50,&quot;jet_parallax_layout_bg_y_tablet&quot;:&quot;&quot;,&quot;jet_parallax_layout_bg_y_mobile&quot;:&quot;&quot;,&quot;jet_parallax_layout_bg_size&quot;:&quot;auto&quot;,&quot;jet_parallax_layout_bg_size_tablet&quot;:&quot;&quot;,&quot;jet_parallax_layout_bg_size_mobile&quot;:&quot;&quot;,&quot;jet_parallax_layout_animation_prop&quot;:&quot;transform&quot;,&quot;jet_parallax_layout_on&quot;:[&quot;desktop&quot;,&quot;tablet&quot;]}],&quot;stretch_section&quot;:&quot;section-stretched&quot;,&quot;background_background&quot;:&quot;classic&quot;,&quot;shape_divider_top&quot;:&quot;triangle-asymmetrical&quot;}\">\n\t\t\t\t\t<div class=\"elementor-shape elementor-shape-top\" data-negative=\"false\">\n\t\t\t<svg xmlns=\"http:\/\/www.w3.org\/2000\/svg\" viewbox=\"0 0 1000 100\" preserveaspectratio=\"none\">\n\t<path class=\"elementor-shape-fill\" d=\"M738,99l262-93V0H0v5.6L738,99z\"\/>\n<\/svg>\t\t<\/div>\n\t\t\t\t\t<div class=\"elementor-container elementor-column-gap-default\">\n\t\t\t\t\t\t\t<div class=\"elementor-row\">\n\t\t\t\t\t<div class=\"elementor-column elementor-col-50 elementor-top-column elementor-element elementor-element-503a0c5\" data-id=\"503a0c5\" data-element_type=\"column\">\n\t\t\t<div class=\"elementor-column-wrap elementor-element-populated\">\n\t\t\t\t\t\t\t<div class=\"elementor-widget-wrap\">\n\t\t\t\t\t\t<div class=\"elementor-element elementor-element-1bde867 elementor-cta--skin-cover elementor-cta--valign-bottom elementor-widget elementor-widget-call-to-action\" data-id=\"1bde867\" data-element_type=\"widget\" data-widget_type=\"call-to-action.default\">\n\t\t\t\t<div class=\"elementor-widget-container\">\n\t\t\t\t\t<a class=\"elementor-cta\" href=\"https:\/\/tafftacticalgroup.com\/en\/szkolenia-ladowe-dla-sluzb\/szkolenie-ogniowe\/\">\n\t\t\t\t\t<div class=\"elementor-cta__bg-wrapper\">\n\t\t\t\t<div class=\"elementor-cta__bg elementor-bg\" style=\"background-image: url(https:\/\/tafftacticalgroup.com\/wp-content\/uploads\/2022\/02\/ogniowy-1-1024x683.jpg);\" role=\"img\" aria-label=\"armed  man in camouflage with sniper gun in hands\"><\/div>\n\t\t\t\t<div class=\"elementor-cta__bg-overlay\"><\/div>\n\t\t\t<\/div>\n\t\t\t\t\t\t\t<div class=\"elementor-cta__content\">\n\t\t\t\t\n\t\t\t\t<h2 class=\"elementor-cta__title elementor-cta__content-item elementor-content-item\">FIREARM COURSES<\/h2>\n\t\t\t\t\n\t\t\t\t\t\t\t\t\t<div class=\"elementor-cta__button-wrapper elementor-cta__content-item elementor-content-item\">\n\t\t\t\t\t<span class=\"elementor-cta__button elementor-button elementor-size-lg\">\n\t\t\t\t\t\tdetails\t\t\t\t\t<\/span>\n\t\t\t\t\t<\/div>\n\t\t\t\t\t\t\t<\/div>\n\t\t\t\t\t\t<\/a>\n\t\t\t\t<\/div>\n\t\t\t\t<\/div>\n\t\t\t\t\t\t<\/div>\n\t\t\t\t\t<\/div>\n\t\t<\/div>\n\t\t\t\t<div class=\"elementor-column elementor-col-50 elementor-top-column elementor-element elementor-element-d1fc7cb\" data-id=\"d1fc7cb\" data-element_type=\"column\">\n\t\t\t<div class=\"elementor-column-wrap elementor-element-populated\">\n\t\t\t\t\t\t\t<div class=\"elementor-widget-wrap\">\n\t\t\t\t\t\t<div class=\"elementor-element elementor-element-5007265 elementor-cta--skin-cover elementor-cta--valign-bottom elementor-widget elementor-widget-call-to-action\" data-id=\"5007265\" data-element_type=\"widget\" data-widget_type=\"call-to-action.default\">\n\t\t\t\t<div class=\"elementor-widget-container\">\n\t\t\t\t\t<a class=\"elementor-cta\" href=\"https:\/\/tafftacticalgroup.com\/en\/szkolenia-ladowe-dla-sluzb\/tccc\/\">\n\t\t\t\t\t<div class=\"elementor-cta__bg-wrapper\">\n\t\t\t\t<div class=\"elementor-cta__bg elementor-bg\" style=\"background-image: url(https:\/\/tafftacticalgroup.com\/wp-content\/uploads\/2022\/02\/TCCC.jpg);\" role=\"img\" aria-label=\"TCCC\"><\/div>\n\t\t\t\t<div class=\"elementor-cta__bg-overlay\"><\/div>\n\t\t\t<\/div>\n\t\t\t\t\t\t\t<div class=\"elementor-cta__content\">\n\t\t\t\t\n\t\t\t\t<h2 class=\"elementor-cta__title elementor-cta__content-item elementor-content-item\">TCCC<\/h2>\n\t\t\t\t\n\t\t\t\t\t\t\t\t\t<div class=\"elementor-cta__button-wrapper elementor-cta__content-item elementor-content-item\">\n\t\t\t\t\t<span class=\"elementor-cta__button elementor-button elementor-size-lg\">\n\t\t\t\t\t\tdetails\t\t\t\t\t<\/span>\n\t\t\t\t\t<\/div>\n\t\t\t\t\t\t\t<\/div>\n\t\t\t\t\t\t<\/a>\n\t\t\t\t<\/div>\n\t\t\t\t<\/div>\n\t\t\t\t\t\t<\/div>\n\t\t\t\t\t<\/div>\n\t\t<\/div>\n\t\t\t\t\t\t\t\t<\/div>\n\t\t\t\t\t<\/div>\n\t\t<\/section>\n\t\t\t\t\t\t\t\t\t<\/div>\n\t\t\t<\/div>\n\t\t\t\t\t<\/div>","protected":false},"excerpt":{"rendered":"<p>CQB Jest to kurs specjalistyczny przygotowuj\u0105cy do przeprowadzania operacji specjalnych. \u2018\u2019Taff Tactical Group\u2019\u2019 przygotuje i wyszkoli Tw\u00f3j zesp\u00f3\u0142 a w ramach \u0107wiczenia sprawdzaj\u0105cego. Sprawdzimy Twoje nabyte umiej\u0119tno\u015bci z zakresu dzia\u0142ania sekcji \/ grupy w nast\u0119puj\u0105cym zakresie : analizy, planowania i postawienia rozkazu bojowego dzia\u0142ania zespo\u0142u w ramach operacji DA\/HRO &#8211; czyszczenie pojedynczego pomieszczenia, ci\u0105g\u00f3w komunikacyjnych [&hellip;]<\/p>","protected":false},"author":1,"featured_media":1579,"parent":155,"menu_order":0,"comment_status":"closed","ping_status":"closed","template":"","meta":{"ocean_post_layout":"","ocean_both_sidebars_style":"","ocean_both_sidebars_content_width":0,"ocean_both_sidebars_sidebars_width":0,"ocean_sidebar":"0","ocean_second_sidebar":"0","ocean_disable_margins":"enable","ocean_add_body_class":"","ocean_shortcode_before_top_bar":"","ocean_shortcode_after_top_bar":"","ocean_shortcode_before_header":"","ocean_shortcode_after_header":"","ocean_has_shortcode":"","ocean_shortcode_after_title":"","ocean_shortcode_before_footer_widgets":"","ocean_shortcode_after_footer_widgets":"","ocean_shortcode_before_footer_bottom":"","ocean_shortcode_after_footer_bottom":"","ocean_display_top_bar":"default","ocean_display_header":"default","ocean_header_style":"","ocean_center_header_left_menu":"0","ocean_custom_header_template":"0","ocean_custom_logo":0,"ocean_custom_retina_logo":0,"ocean_custom_logo_max_width":0,"ocean_custom_logo_tablet_max_width":0,"ocean_custom_logo_mobile_max_width":0,"ocean_custom_logo_max_height":0,"ocean_custom_logo_tablet_max_height":0,"ocean_custom_logo_mobile_max_height":0,"ocean_header_custom_menu":"0","ocean_menu_typo_font_family":"0","ocean_menu_typo_font_subset":"","ocean_menu_typo_font_size":0,"ocean_menu_typo_font_size_tablet":0,"ocean_menu_typo_font_size_mobile":0,"ocean_menu_typo_font_size_unit":"px","ocean_menu_typo_font_weight":"","ocean_menu_typo_font_weight_tablet":"","ocean_menu_typo_font_weight_mobile":"","ocean_menu_typo_transform":"","ocean_menu_typo_transform_tablet":"","ocean_menu_typo_transform_mobile":"","ocean_menu_typo_line_height":0,"ocean_menu_typo_line_height_tablet":0,"ocean_menu_typo_line_height_mobile":0,"ocean_menu_typo_line_height_unit":"","ocean_menu_typo_spacing":0,"ocean_menu_typo_spacing_tablet":0,"ocean_menu_typo_spacing_mobile":0,"ocean_menu_typo_spacing_unit":"","ocean_menu_link_color":"","ocean_menu_link_color_hover":"","ocean_menu_link_color_active":"","ocean_menu_link_background":"","ocean_menu_link_hover_background":"","ocean_menu_link_active_background":"","ocean_menu_social_links_bg":"","ocean_menu_social_hover_links_bg":"","ocean_menu_social_links_color":"","ocean_menu_social_hover_links_color":"","ocean_disable_title":"default","ocean_disable_heading":"default","ocean_post_title":"","ocean_post_subheading":"","ocean_post_title_style":"","ocean_post_title_background_color":"","ocean_post_title_background":0,"ocean_post_title_bg_image_position":"","ocean_post_title_bg_image_attachment":"","ocean_post_title_bg_image_repeat":"","ocean_post_title_bg_image_size":"","ocean_post_title_height":0,"ocean_post_title_bg_overlay":0.5,"ocean_post_title_bg_overlay_color":"","ocean_disable_breadcrumbs":"default","ocean_breadcrumbs_color":"","ocean_breadcrumbs_separator_color":"","ocean_breadcrumbs_links_color":"","ocean_breadcrumbs_links_hover_color":"","ocean_display_footer_widgets":"default","ocean_display_footer_bottom":"default","ocean_custom_footer_template":"0"},"acf":[],"yoast_head":"<!-- This site is optimized with the Yoast SEO plugin v20.7 - https:\/\/yoast.com\/wordpress\/plugins\/seo\/ -->\n<title>CQB - Taff Tactical Group<\/title>\n<meta name=\"robots\" content=\"index, follow, max-snippet:-1, max-image-preview:large, max-video-preview:-1\" \/>\n<link rel=\"canonical\" href=\"https:\/\/tafftacticalgroup.com\/en\/szkolenia-ladowe-dla-sluzb\/cqb\/\" \/>\n<meta property=\"og:locale\" content=\"en_US\" \/>\n<meta property=\"og:type\" content=\"article\" \/>\n<meta property=\"og:title\" content=\"CQB - Taff Tactical Group\" \/>\n<meta property=\"og:description\" content=\"CQB Jest to kurs specjalistyczny przygotowuj\u0105cy do przeprowadzania operacji specjalnych. \u2018\u2019Taff Tactical Group\u2019\u2019 przygotuje i wyszkoli Tw\u00f3j zesp\u00f3\u0142 a w ramach \u0107wiczenia sprawdzaj\u0105cego. Sprawdzimy Twoje nabyte umiej\u0119tno\u015bci z zakresu dzia\u0142ania sekcji \/ grupy w nast\u0119puj\u0105cym zakresie : analizy, planowania i postawienia rozkazu bojowego dzia\u0142ania zespo\u0142u w ramach operacji DA\/HRO &#8211; czyszczenie pojedynczego pomieszczenia, ci\u0105g\u00f3w komunikacyjnych [&hellip;]\" \/>\n<meta property=\"og:url\" content=\"https:\/\/tafftacticalgroup.com\/en\/szkolenia-ladowe-dla-sluzb\/cqb\/\" \/>\n<meta property=\"og:site_name\" content=\"Taff Tactical Group\" \/>\n<meta property=\"article:modified_time\" content=\"2022-02-24T14:54:27+00:00\" \/>\n<meta property=\"og:image\" content=\"https:\/\/tafftacticalgroup.com\/wp-content\/uploads\/2022\/02\/cqb.jpg\" \/>\n\t<meta property=\"og:image:width\" content=\"1254\" \/>\n\t<meta property=\"og:image:height\" content=\"960\" \/>\n\t<meta property=\"og:image:type\" content=\"image\/jpeg\" \/>\n<meta name=\"twitter:card\" content=\"summary_large_image\" \/>\n<meta name=\"twitter:label1\" content=\"Est. reading time\" \/>\n\t<meta name=\"twitter:data1\" content=\"2 minutes\" \/>\n<script type=\"application\/ld+json\" class=\"yoast-schema-graph\">{\"@context\":\"https:\/\/schema.org\",\"@graph\":[{\"@type\":\"WebPage\",\"@id\":\"https:\/\/tafftacticalgroup.com\/szkolenia-ladowe-dla-sluzb\/cqb\/\",\"url\":\"https:\/\/tafftacticalgroup.com\/szkolenia-ladowe-dla-sluzb\/cqb\/\",\"name\":\"CQB - Taff Tactical Group\",\"isPartOf\":{\"@id\":\"https:\/\/tafftacticalgroup.com\/#website\"},\"datePublished\":\"2020-03-19T11:39:32+00:00\",\"dateModified\":\"2022-02-24T14:54:27+00:00\",\"breadcrumb\":{\"@id\":\"https:\/\/tafftacticalgroup.com\/szkolenia-ladowe-dla-sluzb\/cqb\/#breadcrumb\"},\"inLanguage\":\"en-US\",\"potentialAction\":[{\"@type\":\"ReadAction\",\"target\":[\"https:\/\/tafftacticalgroup.com\/szkolenia-ladowe-dla-sluzb\/cqb\/\"]}]},{\"@type\":\"BreadcrumbList\",\"@id\":\"https:\/\/tafftacticalgroup.com\/szkolenia-ladowe-dla-sluzb\/cqb\/#breadcrumb\",\"itemListElement\":[{\"@type\":\"ListItem\",\"position\":1,\"name\":\"Strona g\u0142\u00f3wna\",\"item\":\"https:\/\/tafftacticalgroup.com\/\"},{\"@type\":\"ListItem\",\"position\":2,\"name\":\"Szkolenia l\u0105dowe\",\"item\":\"https:\/\/tafftacticalgroup.com\/szkolenia-ladowe-dla-sluzb\/\"},{\"@type\":\"ListItem\",\"position\":3,\"name\":\"CQB\"}]},{\"@type\":\"WebSite\",\"@id\":\"https:\/\/tafftacticalgroup.com\/#website\",\"url\":\"https:\/\/tafftacticalgroup.com\/\",\"name\":\"Taff Tactical Group\",\"description\":\"Zapraszamy do zapoznania si\u0119 z nasza ofert\u0105.\",\"potentialAction\":[{\"@type\":\"SearchAction\",\"target\":{\"@type\":\"EntryPoint\",\"urlTemplate\":\"https:\/\/tafftacticalgroup.com\/?s={search_term_string}\"},\"query-input\":\"required name=search_term_string\"}],\"inLanguage\":\"en-US\"}]}<\/script>\n<!-- \/ Yoast SEO plugin. -->","yoast_head_json":{"title":"CQB - Taff Tactical Group","robots":{"index":"index","follow":"follow","max-snippet":"max-snippet:-1","max-image-preview":"max-image-preview:large","max-video-preview":"max-video-preview:-1"},"canonical":"https:\/\/tafftacticalgroup.com\/en\/szkolenia-ladowe-dla-sluzb\/cqb\/","og_locale":"en_US","og_type":"article","og_title":"CQB - Taff Tactical Group","og_description":"CQB Jest to kurs specjalistyczny przygotowuj\u0105cy do przeprowadzania operacji specjalnych. \u2018\u2019Taff Tactical Group\u2019\u2019 przygotuje i wyszkoli Tw\u00f3j zesp\u00f3\u0142 a w ramach \u0107wiczenia sprawdzaj\u0105cego. Sprawdzimy Twoje nabyte umiej\u0119tno\u015bci z zakresu dzia\u0142ania sekcji \/ grupy w nast\u0119puj\u0105cym zakresie : analizy, planowania i postawienia rozkazu bojowego dzia\u0142ania zespo\u0142u w ramach operacji DA\/HRO &#8211; czyszczenie pojedynczego pomieszczenia, ci\u0105g\u00f3w komunikacyjnych [&hellip;]","og_url":"https:\/\/tafftacticalgroup.com\/en\/szkolenia-ladowe-dla-sluzb\/cqb\/","og_site_name":"Taff Tactical Group","article_modified_time":"2022-02-24T14:54:27+00:00","og_image":[{"width":1254,"height":960,"url":"https:\/\/tafftacticalgroup.com\/wp-content\/uploads\/2022\/02\/cqb.jpg","type":"image\/jpeg"}],"twitter_card":"summary_large_image","twitter_misc":{"Est. reading time":"2 minutes"},"schema":{"@context":"https:\/\/schema.org","@graph":[{"@type":"WebPage","@id":"https:\/\/tafftacticalgroup.com\/szkolenia-ladowe-dla-sluzb\/cqb\/","url":"https:\/\/tafftacticalgroup.com\/szkolenia-ladowe-dla-sluzb\/cqb\/","name":"CQB - Taff Tactical Group","isPartOf":{"@id":"https:\/\/tafftacticalgroup.com\/#website"},"datePublished":"2020-03-19T11:39:32+00:00","dateModified":"2022-02-24T14:54:27+00:00","breadcrumb":{"@id":"https:\/\/tafftacticalgroup.com\/szkolenia-ladowe-dla-sluzb\/cqb\/#breadcrumb"},"inLanguage":"en-US","potentialAction":[{"@type":"ReadAction","target":["https:\/\/tafftacticalgroup.com\/szkolenia-ladowe-dla-sluzb\/cqb\/"]}]},{"@type":"BreadcrumbList","@id":"https:\/\/tafftacticalgroup.com\/szkolenia-ladowe-dla-sluzb\/cqb\/#breadcrumb","itemListElement":[{"@type":"ListItem","position":1,"name":"Strona g\u0142\u00f3wna","item":"https:\/\/tafftacticalgroup.com\/"},{"@type":"ListItem","position":2,"name":"Szkolenia l\u0105dowe","item":"https:\/\/tafftacticalgroup.com\/szkolenia-ladowe-dla-sluzb\/"},{"@type":"ListItem","position":3,"name":"CQB"}]},{"@type":"WebSite","@id":"https:\/\/tafftacticalgroup.com\/#website","url":"https:\/\/tafftacticalgroup.com\/","name":"Taff Tactical Group","description":"Zapraszamy do zapoznania si\u0119 z nasza ofert\u0105.","potentialAction":[{"@type":"SearchAction","target":{"@type":"EntryPoint","urlTemplate":"https:\/\/tafftacticalgroup.com\/?s={search_term_string}"},"query-input":"required name=search_term_string"}],"inLanguage":"en-US"}]}},"_links":{"self":[{"href":"https:\/\/tafftacticalgroup.com\/en\/wp-json\/wp\/v2\/pages\/433"}],"collection":[{"href":"https:\/\/tafftacticalgroup.com\/en\/wp-json\/wp\/v2\/pages"}],"about":[{"href":"https:\/\/tafftacticalgroup.com\/en\/wp-json\/wp\/v2\/types\/page"}],"author":[{"embeddable":true,"href":"https:\/\/tafftacticalgroup.com\/en\/wp-json\/wp\/v2\/users\/1"}],"replies":[{"embeddable":true,"href":"https:\/\/tafftacticalgroup.com\/en\/wp-json\/wp\/v2\/comments?post=433"}],"version-history":[{"count":38,"href":"https:\/\/tafftacticalgroup.com\/en\/wp-json\/wp\/v2\/pages\/433\/revisions"}],"predecessor-version":[{"id":1717,"href":"https:\/\/tafftacticalgroup.com\/en\/wp-json\/wp\/v2\/pages\/433\/revisions\/1717"}],"up":[{"embeddable":true,"href":"https:\/\/tafftacticalgroup.com\/en\/wp-json\/wp\/v2\/pages\/155"}],"wp:featuredmedia":[{"embeddable":true,"href":"https:\/\/tafftacticalgroup.com\/en\/wp-json\/wp\/v2\/media\/1579"}],"wp:attachment":[{"href":"https:\/\/tafftacticalgroup.com\/en\/wp-json\/wp\/v2\/media?parent=433"}],"curies":[{"name":"wp","href":"https:\/\/api.w.org\/{rel}","templated":true}]}}